{"id":11350,"date":"2025-01-15T09:34:16","date_gmt":"2025-01-15T09:34:16","guid":{"rendered":"https:\/\/arqueogriegos.iatext.ulpgc.es\/?page_id=11350"},"modified":"2025-01-27T12:51:58","modified_gmt":"2025-01-27T12:51:58","slug":"ayuda-con-el-contenido","status":"publish","type":"page","link":"https:\/\/arqueogriegos.iatext.ulpgc.es\/index.php\/ayuda-con-el-contenido\/","title":{"rendered":"Ayuda con el contenido"},"content":{"rendered":"\n<p><strong>ArqueoGriegos&nbsp;<\/strong>es un visor interactivo que re\u00fane la primera parte del&nbsp;<em>Cat\u00e1logo Universal de Museos y Yacimientos Arqueol\u00f3gicos de la Antigua Grecia<\/em>, creado por el estudioso filoheleno&nbsp;<strong>D. C\u00e9sar Fern\u00e1ndez<\/strong>. Es un corpus multimedia dise\u00f1ado para explorar el rico patrimonio arqueol\u00f3gico de la Antigua Grecia y est\u00e1 estructurado en 20 regiones. Incluye descripciones detalladas de 154 museos y 277 yacimientos arqueol\u00f3gicos, junto con una colecci\u00f3n de m\u00e1s de 20.000 textos, casi 10.000 im\u00e1genes y m\u00e1s de 1.000 planos en AutoCAD.<\/p>\n\n\n\n<p>El visor web de navegaci\u00f3n en esta primera parte del cat\u00e1logo, permite acceder a los textos y las anotaciones de las im\u00e1genes (fotograf\u00edas y planos) de 8 de las 20 regiones en que se ha organizado la Antigua Grecia. Adem\u00e1s, ofrece fichas informativas con datos detallados sobre cada elemento del cat\u00e1logo.<\/p>\n\n\n\n<p>El proyecto de desarrollo del visor web ha sido supervisado a lo largo de estos a\u00f1os por la&nbsp;Dra. en Inform\u00e1tica,<strong>&nbsp;Ana Garc\u00eda<\/strong><strong>Serrano<\/strong>&nbsp;y profesora de la UNED y la versi\u00f3n actual ha sido desarrollada por el T\u00e9cnico de la UNED,&nbsp;<strong>D. Fernando J. Chuquimarca<\/strong>&nbsp;(2024).<\/p>\n\n\n\n<p>El corpus est\u00e1 disponible en abierto en el espacio e-cienciaDatos de la UNED del Consorcio Madro\u00f1o en el enlace de la siguiente cita:&nbsp;<em>Fern\u00e1ndez S\u00e1nchez, Cesar; Garc\u00eda-Serrano, Ana M., 2025, &#8220;Arqueogriegos &#8211; Cat\u00e1logo universal de museos y yacimientos arqueol\u00f3gicos de la Antigua Grecia&#8221;,&nbsp;<\/em><em><u><a href=\"https:\/\/doi.org\/10.21950\/IVUMMC\">https:\/\/doi.org\/10.21950\/IVUMMC<\/a><\/u><\/em>.<\/p>\n","protected":false},"excerpt":{"rendered":"<p>ArqueoGriegos&nbsp;es un visor interactivo que re\u00fane la primera parte del&nbsp;Cat\u00e1logo Universal de Museos y Yacimientos Arqueol\u00f3gicos de la Antigua Grecia, creado por el estudioso filoheleno&nbsp;D. C\u00e9sar Fern\u00e1ndez. Es un corpus multimedia dise\u00f1ado para explorar el rico patrimonio arqueol\u00f3gico de la Antigua Grecia y est\u00e1 estructurado en 20 regiones. Incluye descripciones detalladas de 154 museos y [&hellip;]<\/p>\n","protected":false},"author":1,"featured_media":0,"parent":0,"menu_order":0,"comment_status":"closed","ping_status":"closed","template":"","meta":{"footnotes":""},"class_list":["post-11350","page","type-page","status-publish","hentry"],"_links":{"self":[{"href":"https:\/\/arqueogriegos.iatext.ulpgc.es\/index.php\/wp-json\/wp\/v2\/pages\/11350","targetHints":{"allow":["GET"]}}],"collection":[{"href":"https:\/\/arqueogriegos.iatext.ulpgc.es\/index.php\/wp-json\/wp\/v2\/pages"}],"about":[{"href":"https:\/\/arqueogriegos.iatext.ulpgc.es\/index.php\/wp-json\/wp\/v2\/types\/page"}],"author":[{"embeddable":true,"href":"https:\/\/arqueogriegos.iatext.ulpgc.es\/index.php\/wp-json\/wp\/v2\/users\/1"}],"replies":[{"embeddable":true,"href":"https:\/\/arqueogriegos.iatext.ulpgc.es\/index.php\/wp-json\/wp\/v2\/comments?post=11350"}],"version-history":[{"count":0,"href":"https:\/\/arqueogriegos.iatext.ulpgc.es\/index.php\/wp-json\/wp\/v2\/pages\/11350\/revisions"}],"wp:attachment":[{"href":"https:\/\/arqueogriegos.iatext.ulpgc.es\/index.php\/wp-json\/wp\/v2\/media?parent=11350"}],"curies":[{"name":"wp","href":"https:\/\/api.w.org\/{rel}","templated":true}]}}